{"id":3165,"date":"2026-04-29T16:11:11","date_gmt":"2026-04-29T16:11:11","guid":{"rendered":"https:\/\/emilcin.com\/dev2026\/?page_id=3165"},"modified":"2026-05-08T13:29:50","modified_gmt":"2026-05-08T13:29:50","slug":"stream_kamera_emilcin","status":"publish","type":"page","link":"https:\/\/emilcin.com\/index.php\/stream_kamera_emilcin\/","title":{"rendered":"Stream z kamery w Emilcinie"},"content":{"rendered":"<p>Kamera ON-LINE obserwuje pomnik UFO w Emilcinie<\/p>\n<p style=\"text-align: center;\">Od teraz ka\u017cdy mo\u017ce zobaczy\u0107 na \u017cywo miejsce jednego z najbardziej niezwyk\u0142ych wydarze\u0144 w historii polskiej ufologii. W serwisie FN pojawi\u0142a si\u0119 specjalna ikonka EMILCIN ON-LINE, kt\u00f3ra prowadzi bezpo\u015brednio do kamery internetowej skierowanej na pomnik upami\u0119tniaj\u0105cy s\u0142ynne spotkanie z UFO.<\/p>\n<p style=\"text-align: center;\"><iframe loading=\"lazy\" src=\"https:\/\/imageserver.webcamera.pl\/umiesc\/kamera-z-widokiem-na-pomnik-ufo-w-emilcinie\" width=\"800\" height=\"450\" frameborder=\"0\" scrolling=\"no\"><\/iframe><\/p>\n<p style=\"text-align: center;\" data-start=\"1454\" data-end=\"1539\">Kamer\u0119 ON-LINE w Emilcinie mo\u017cecie obserwowa\u0107 po klikni\u0119ciu na link:<\/p>\n<p style=\"text-align: center;\" data-start=\"1454\" data-end=\"1539\"><strong><a href=\"https:\/\/kamera-z-widokiem-na-pomnik-ufo-w-emilcinie.webcamera.pl\/\">https:\/\/kamera-z-widokiem-na-pomnik-ufo-w-emilcinie.webcamera.pl\/<\/a><\/strong><\/p>\n<p>Jedno jest pewne \u2014 pomnik UFO w Emilcinie jest teraz obserwowany przez ca\u0142\u0105 dob\u0119. Ju\u017c wkr\u00f3tce przedstawimy szczeg\u00f3\u0142y naszego projektu zwi\u0105zanego z monitorowaniem tego miejsca. Stay tuned!<\/p>\n<p><img loading=\"lazy\" decoding=\"async\" class=\"size-medium wp-image-3301 aligncenter\" src=\"https:\/\/emilcin.com\/wp-content\/uploads\/2026\/05\/mrMVwC-1-301x84.png\" alt=\"\" width=\"301\" height=\"84\" srcset=\"https:\/\/emilcin.com\/wp-content\/uploads\/2026\/05\/mrMVwC-1-301x84.png 301w, https:\/\/emilcin.com\/wp-content\/uploads\/2026\/05\/mrMVwC-1.png 350w\" sizes=\"auto, (max-width: 301px) 100vw, 301px\" \/><\/p>\n<p>Na stronie <span class=\"hover:entity-accent entity-underline inline cursor-pointer align-baseline\"><span class=\"whitespace-normal\">Fundacja Nautilus<\/span><\/span> pojawi\u0142a si\u0119 nowa funkcja, kt\u00f3ra z pewno\u015bci\u0105 zainteresuje wszystkich mi\u0142o\u015bnik\u00f3w zagadki z Emilcina.<\/p>\n<p>&nbsp;<\/p>\n<p>Kamera ON-LINE obserwuje pomnik UFO w Emilcinie<\/p>\n<p data-start=\"243\" data-end=\"541\">Od teraz ka\u017cdy mo\u017ce <strong data-start=\"263\" data-end=\"363\">zobaczy\u0107 na \u017cywo miejsce jednego z najbardziej niezwyk\u0142ych wydarze\u0144 w historii polskiej ufologii<\/strong>. W serwisie FN pojawi\u0142a si\u0119 specjalna ikonka <strong data-start=\"409\" data-end=\"428\">EMILCIN ON-LINE<\/strong>, kt\u00f3ra prowadzi bezpo\u015brednio do kamery internetowej skierowanej na pomnik upami\u0119tniaj\u0105cy s\u0142ynne spotkanie z UFO.<\/p>\n<p data-start=\"243\" data-end=\"541\"><img loading=\"lazy\" decoding=\"async\" class=\"alignnone  wp-image-3290\" src=\"https:\/\/emilcin.com\/wp-content\/uploads\/2026\/05\/u3ljf-301x169.jpg\" alt=\"\" width=\"1895\" height=\"1064\" srcset=\"https:\/\/emilcin.com\/wp-content\/uploads\/2026\/05\/u3ljf-301x169.jpg 301w, https:\/\/emilcin.com\/wp-content\/uploads\/2026\/05\/u3ljf-1025x577.jpg 1025w, https:\/\/emilcin.com\/wp-content\/uploads\/2026\/05\/u3ljf-768x432.jpg 768w\" sizes=\"auto, (max-width: 1895px) 100vw, 1895px\" \/><\/p>\n<p data-start=\"543\" data-end=\"788\">Pomnik stoi w miejscowo\u015bci <span class=\"hover:entity-accent entity-underline inline cursor-pointer align-baseline\"><span class=\"whitespace-normal\">Emilcin<\/span><\/span> i przypomina o wydarzeniu z <strong data-start=\"636\" data-end=\"657\">10 maja 1978 roku<\/strong>, kiedy rolnik <span class=\"hover:entity-accent entity-underline inline cursor-pointer align-baseline\"><span class=\"whitespace-normal\">Jan Wolski<\/span><\/span> mia\u0142 spotka\u0107 niezwyk\u0142e istoty i zosta\u0107 zabrany na pok\u0142ad tajemniczego pojazdu.<\/p>\n<p data-start=\"543\" data-end=\"788\"><img loading=\"lazy\" decoding=\"async\" class=\"alignnone  wp-image-3293\" src=\"https:\/\/emilcin.com\/wp-content\/uploads\/2026\/05\/sam1344v-301x169.jpg\" alt=\"\" width=\"1895\" height=\"1064\" srcset=\"https:\/\/emilcin.com\/wp-content\/uploads\/2026\/05\/sam1344v-301x169.jpg 301w, https:\/\/emilcin.com\/wp-content\/uploads\/2026\/05\/sam1344v-1025x577.jpg 1025w, https:\/\/emilcin.com\/wp-content\/uploads\/2026\/05\/sam1344v-768x432.jpg 768w, https:\/\/emilcin.com\/wp-content\/uploads\/2026\/05\/sam1344v.jpg 1280w\" sizes=\"auto, (max-width: 1895px) 100vw, 1895px\" \/><\/p>\n<p data-start=\"790\" data-end=\"1060\">Dzi\u015b w tym miejscu znajduje si\u0119 symboliczny monument z charakterystycznym <strong data-start=\"864\" data-end=\"921\">metalowym sze\u015bcianem ustawionym na kamiennym obelisku<\/strong>. Pomnik powsta\u0142 z inicjatywy <span class=\"hover:entity-accent entity-underline inline cursor-pointer align-baseline\"><span class=\"whitespace-normal\">Fundacji Nautilus<\/span><\/span> i od lat przyci\u0105ga osoby zainteresowane tajemnic\u0105 zdarzenia z Emilcina.<\/p>\n<p data-start=\"790\" data-end=\"1060\"><img loading=\"lazy\" decoding=\"async\" class=\"alignnone  wp-image-3291\" src=\"https:\/\/emilcin.com\/wp-content\/uploads\/2026\/05\/7xgmSNV-301x201.png\" alt=\"\" width=\"1906\" height=\"1273\" srcset=\"https:\/\/emilcin.com\/wp-content\/uploads\/2026\/05\/7xgmSNV-301x201.png 301w, https:\/\/emilcin.com\/wp-content\/uploads\/2026\/05\/7xgmSNV-768x512.png 768w\" sizes=\"auto, (max-width: 1906px) 100vw, 1906px\" \/><\/p>\n<p data-start=\"1062\" data-end=\"1292\">Teraz dzi\u0119ki kamerze internetowej ka\u017cdy mo\u017ce <strong data-start=\"1107\" data-end=\"1171\">sprawdzi\u0107, co dzieje si\u0119 w tym miejscu w czasie rzeczywistym<\/strong>. Wystarczy klikn\u0105\u0107 ikon\u0119 <strong data-start=\"1197\" data-end=\"1216\">EMILCIN ON-LINE<\/strong> w serwisie FN, aby natychmiast przenie\u015b\u0107 si\u0119 do tej niezwyk\u0142ej lokalizacji.<\/p>\n<p data-start=\"1294\" data-end=\"1452\">Mo\u017ce zobaczycie spokojny krajobraz lub odwiedzaj\u0105cych pomnik turyst\u00f3w\u2026 a mo\u017ce b\u0119dziecie mie\u0107 wi\u0119cej szcz\u0119\u015bcia? Oto przyk\u0142ad tego, co przysy\u0142aj\u0105 nam internauci obserwuj\u0105cy pomnik dzi\u0119ki naszej kamerze.<\/p>\n<p data-start=\"1454\" data-end=\"1539\">Jedno jest pewne \u2014 <strong data-start=\"1473\" data-end=\"1538\">pomnik UFO w Emilcinie jest teraz obserwowany przez ca\u0142\u0105 dob\u0119<\/strong>. Ju\u017c wkr\u00f3tce przedstawimy szczeg\u00f3\u0142y naszego projektu zwi\u0105zanego z monitorowaniem tego miejsca. <span style=\"color: #ff0000;\"><strong>Stay tuned!<\/strong><\/span><\/p>\n<p data-start=\"1454\" data-end=\"1539\">\n\n    <div class=\"xs_social_share_widget xs_share_url after_content \t\tmain_content  wslu-style-1 wslu-share-box-shaped wslu-fill-colored wslu-none wslu-share-horizontal wslu-theme-font-no wslu-main_content\">\n\n\t\t\n        <ul>\n\t\t\t        <\/ul>\n    <\/div> \n","protected":false},"excerpt":{"rendered":"<p>Kamera ON-LINE obserwuje pomnik UFO w Emilcinie Od teraz ka\u017cdy mo\u017ce zobaczy\u0107 na \u017cywo miejsce jednego z najbardziej niezwyk\u0142ych wydarze\u0144 w historii polskiej ufologii. W serwisie FN pojawi\u0142a si\u0119 specjalna ikonka EMILCIN ON-LINE, kt\u00f3ra prowadzi bezpo\u015brednio do kamery internetowej skierowanej na pomnik upami\u0119tniaj\u0105cy s\u0142ynne spotkanie z UFO. Kamer\u0119 ON-LINE w Emilcinie mo\u017cecie obserwowa\u0107 po klikni\u0119ciu na link: https:\/\/kamera-z-widokiem-na-pomnik-ufo-w-emilcinie.webcamera.pl\/ Jedno jest pewne \u2014 pomnik UFO w Emilcinie jest teraz obserwowany przez ca\u0142\u0105 dob\u0119. Ju\u017c wkr\u00f3tce przedstawimy szczeg\u00f3\u0142y naszego projektu zwi\u0105zanego z monitorowaniem tego miejsca. Stay tuned! Na stronie Fundacja Nautilus pojawi\u0142a si\u0119 nowa funkcja, kt\u00f3ra z pewno\u015bci\u0105 zainteresuje wszystkich mi\u0142o\u015bnik\u00f3w zagadki z Emilcina. &nbsp; Kamera ON-LINE obserwuje pomnik UFO w Emilcinie Od teraz ka\u017cdy mo\u017ce zobaczy\u0107 na \u017cywo miejsce jednego z najbardziej niezwyk\u0142ych wydarze\u0144 w historii polskiej ufologii. W serwisie FN pojawi\u0142a si\u0119 specjalna ikonka EMILCIN ON-LINE, kt\u00f3ra prowadzi bezpo\u015brednio do kamery internetowej skierowanej na pomnik upami\u0119tniaj\u0105cy s\u0142ynne spotkanie z UFO. Pomnik stoi w miejscowo\u015bci Emilcin i przypomina o wydarzeniu z 10 maja 1978 roku, kiedy rolnik Jan Wolski mia\u0142 spotka\u0107 niezwyk\u0142e istoty i zosta\u0107 zabrany na pok\u0142ad tajemniczego pojazdu. Dzi\u015b w tym miejscu znajduje si\u0119 symboliczny monument z charakterystycznym metalowym sze\u015bcianem ustawionym na kamiennym obelisku. Pomnik powsta\u0142 z inicjatywy Fundacji Nautilus i od lat przyci\u0105ga osoby zainteresowane tajemnic\u0105 zdarzenia z Emilcina. Teraz dzi\u0119ki kamerze internetowej ka\u017cdy mo\u017ce sprawdzi\u0107, co dzieje si\u0119 w tym miejscu w czasie rzeczywistym. Wystarczy klikn\u0105\u0107 ikon\u0119 EMILCIN ON-LINE w serwisie FN, aby natychmiast przenie\u015b\u0107 si\u0119 do tej niezwyk\u0142ej lokalizacji. Mo\u017ce zobaczycie spokojny krajobraz lub odwiedzaj\u0105cych pomnik turyst\u00f3w\u2026 a mo\u017ce b\u0119dziecie mie\u0107 wi\u0119cej szcz\u0119\u015bcia? Oto przyk\u0142ad tego, co przysy\u0142aj\u0105 nam internauci obserwuj\u0105cy pomnik dzi\u0119ki naszej kamerze. Jedno jest pewne \u2014 pomnik UFO w Emilcinie jest teraz obserwowany przez ca\u0142\u0105 dob\u0119. Ju\u017c wkr\u00f3tce przedstawimy szczeg\u00f3\u0142y naszego projektu zwi\u0105zanego z monitorowaniem tego miejsca. Stay tuned!<\/p>\n","protected":false},"author":1,"featured_media":0,"parent":0,"menu_order":0,"comment_status":"closed","ping_status":"closed","template":"","meta":{"footnotes":""},"class_list":["post-3165","page","type-page","status-publish","hentry"],"_links":{"self":[{"href":"https:\/\/emilcin.com\/index.php\/wp-json\/wp\/v2\/pages\/3165","targetHints":{"allow":["GET"]}}],"collection":[{"href":"https:\/\/emilcin.com\/index.php\/wp-json\/wp\/v2\/pages"}],"about":[{"href":"https:\/\/emilcin.com\/index.php\/wp-json\/wp\/v2\/types\/page"}],"author":[{"embeddable":true,"href":"https:\/\/emilcin.com\/index.php\/wp-json\/wp\/v2\/users\/1"}],"replies":[{"embeddable":true,"href":"https:\/\/emilcin.com\/index.php\/wp-json\/wp\/v2\/comments?post=3165"}],"version-history":[{"count":41,"href":"https:\/\/emilcin.com\/index.php\/wp-json\/wp\/v2\/pages\/3165\/revisions"}],"predecessor-version":[{"id":3549,"href":"https:\/\/emilcin.com\/index.php\/wp-json\/wp\/v2\/pages\/3165\/revisions\/3549"}],"wp:attachment":[{"href":"https:\/\/emilcin.com\/index.php\/wp-json\/wp\/v2\/media?parent=3165"}],"curies":[{"name":"wp","href":"https:\/\/api.w.org\/{rel}","templated":true}]}}