{"id":3273,"date":"2026-05-07T11:21:40","date_gmt":"2026-05-07T11:21:40","guid":{"rendered":"https:\/\/emilcin.com\/?page_id=3273"},"modified":"2026-05-07T11:22:31","modified_gmt":"2026-05-07T11:22:31","slug":"o-nas","status":"publish","type":"page","link":"https:\/\/emilcin.com\/index.php\/o-nas\/","title":{"rendered":"O nas"},"content":{"rendered":"\t\t<div data-elementor-type=\"wp-page\" data-elementor-id=\"3273\" class=\"elementor elementor-3273\">\n\t\t\t\t<div class=\"elementor-element elementor-element-4e3c34b e-flex e-con-boxed wpr-particle-no wpr-jarallax-no wpr-parallax-no wpr-sticky-section-no wpr-equal-height-no e-con e-parent\" data-id=\"4e3c34b\" data-element_type=\"container\" data-e-type=\"container\">\n\t\t\t\t\t<div class=\"e-con-inner\">\n\t\t\t\t<div class=\"elementor-element elementor-element-1da86535 elementor-widget elementor-widget-text-editor\" data-id=\"1da86535\" data-element_type=\"widget\" data-e-type=\"widget\" data-widget_type=\"text-editor.default\">\n\t\t\t\t\t\t\t\t\t\n<p>Fundacja Nautilus zajmuje si\u0119 analiz\u0105 i dokumentowaniem zjawisk, kt\u00f3rych nauka nie potrafi wyja\u015bni\u0107. Od pocz\u0105tku dzia\u0142alno\u015bci koncentrujemy si\u0119 na pr\u00f3bie zrozumienia zagadnie\u0144, kt\u00f3re budz\u0105 pytania i sk\u0142aniaj\u0105 do refleksji nad natur\u0105 rzeczywisto\u015bci.<\/p>\n\n<p>Fundacja zosta\u0142a za\u0142o\u017cona w 2001 roku. Jej siedziba mie\u015bci si\u0119 w jednorodzinnym domu pod Warszaw\u0105. Podczas wyjazd\u00f3w terenowych wykorzystujemy kampera nazywanego \u201eNautmobilem\u201d.<\/p>\n\n<p>W centrum naszych zainteresowa\u0144 znajduj\u0105 si\u0119 fundamentalne pytania dotycz\u0105ce cz\u0142owieka i \u015bwiata: o sens istnienia, mo\u017cliwo\u015b\u0107 \u017cycia po \u015bmierci, reinkarnacj\u0119 czy obecno\u015b\u0107 cywilizacji pozaziemskich.<\/p>\n\n<p>Naszym g\u0142\u00f3wnym obszarem bada\u0144 s\u0105 zg\u0142oszenia dotycz\u0105ce niewyja\u015bnionych zjawisk, w tym relacje o obserwacjach UFO. Jednym z najwa\u017cniejszych miejsc w Polsce zwi\u0105zanych z tego typu historiami jest Emilcin &#8211; wie\u015b, w kt\u00f3rej w 1978 roku dosz\u0142o do znanej relacji o spotkaniu z niezidentyfikowanym obiektem i jego za\u0142og\u0105. Zdarzenie to do dzi\u015b pozostaje jednym z najbardziej rozpoznawalnych przypadk\u00f3w tego typu w Polsce.<\/p>\n\n<p>Tematyka zwi\u0105zana z UFO by\u0142a obecna w naszej dzia\u0142alno\u015bci od pocz\u0105tku istnienia Fundacji. W pierwszych latach prowadzili\u015bmy m.in. badania kr\u0119g\u00f3w zbo\u017cowych w Wylatowie, a w 2005 roku z naszej inicjatywy powsta\u0142 pomnik upami\u0119tniaj\u0105cy wydarzenie w Emilcinie.<\/p>\n\n<p>Celem Fundacji Nautilus jest przede wszystkim tworzenie i rozwijanie archiwum, w kt\u00f3rym gromadzone s\u0105 relacje \u015bwiadk\u00f3w, materia\u0142y i dokumentacja dotycz\u0105ca wielu niewyja\u015bnionych zjawisk. Opieramy si\u0119 zar\u00f3wno na dost\u0119pnych danych naukowych, jak i na historiach os\u00f3b, kt\u00f3re zetkn\u0119\u0142y si\u0119 z trudnymi do wyja\u015bnienia zdarzeniami.<\/p>\n\n<p>Rozwijamy r\u00f3wnie\u017c archiwum cyfrowe, umo\u017cliwiaj\u0105ce systematyczne gromadzenie i udost\u0119pnianie materia\u0142\u00f3w online. Realizujemy projekty wydawnicze i edukacyjne, a tak\u017ce spotkania z sympatykami i patronami w r\u00f3\u017cnych miastach Polski.<\/p>\n\n<p>&#8211; Jak mo\u017cna wesprze\u0107 Fundacj\u0119?<\/p>\n\n<p>Fundacja Nautilus nie posiada statusu organizacji po\u017cytku publicznego (OPP), dlatego nie ma mo\u017cliwo\u015bci przekazania 1,5% podatku. Osoby chc\u0105ce wesprze\u0107 jej dzia\u0142alno\u015b\u0107 mog\u0105 to zrobi\u0107 poprzez inne formy wsparcia, takie jak udzia\u0142 w wydarzeniach, popularyzacj\u0119 materia\u0142\u00f3w lub wp\u0142aty przez Patronite.<\/p>\n\n<p>&#8211; Czy ka\u017cdy mo\u017ce zg\u0142osi\u0107 w\u0142asne do\u015bwiadczenie zwi\u0105zane ze zjawiskami niewyja\u015bnionymi?<\/p>\n\n<p>Fundacja Nautilus jest otwarta na relacje os\u00f3b, kt\u00f3re do\u015bwiadczy\u0142y nietypowych lub trudnych do wyja\u015bnienia zjawisk. Zg\u0142oszenia s\u0105 traktowane z szacunkiem i analizowane indywidualnie, z zachowaniem poufno\u015bci.<\/p>\n\n<p>&#8211; Co znajdziesz na tej stronie?<\/p>\n\n<p>Na stronie znajdziesz szczeg\u00f3\u0142owy opis wydarzenia w Emilcinie, informacje o dzia\u0142alno\u015bci Fundacji Nautilus, a tak\u017ce artyku\u0142y po\u015bwi\u0119cone zjawiskom niewyja\u015bnionym, relacje \u015bwiadk\u00f3w oraz tre\u015bci dotycz\u0105ce duchowo\u015bci.<\/p>\n\t\t\t\t\t\t\t\t<\/div>\n\t\t\t\t\t<\/div>\n\t\t\t\t<\/div>\n\t\t\t\t<\/div>\n\t\t\n    <div class=\"xs_social_share_widget xs_share_url after_content \t\tmain_content  wslu-style-1 wslu-share-box-shaped wslu-fill-colored wslu-none wslu-share-horizontal wslu-theme-font-no wslu-main_content\">\n\n\t\t\n        <ul>\n\t\t\t        <\/ul>\n    <\/div> \n","protected":false},"excerpt":{"rendered":"<p>Fundacja Nautilus zajmuje si\u0119 analiz\u0105 i dokumentowaniem zjawisk, kt\u00f3rych nauka nie potrafi wyja\u015bni\u0107. Od pocz\u0105tku dzia\u0142alno\u015bci koncentrujemy si\u0119 na pr\u00f3bie zrozumienia zagadnie\u0144, kt\u00f3re budz\u0105 pytania i sk\u0142aniaj\u0105 do refleksji nad natur\u0105 rzeczywisto\u015bci. Fundacja zosta\u0142a za\u0142o\u017cona w 2001 roku. Jej siedziba mie\u015bci si\u0119 w jednorodzinnym domu pod Warszaw\u0105. Podczas wyjazd\u00f3w terenowych wykorzystujemy kampera nazywanego \u201eNautmobilem\u201d. W centrum naszych zainteresowa\u0144 znajduj\u0105 si\u0119 fundamentalne pytania dotycz\u0105ce cz\u0142owieka i \u015bwiata: o sens istnienia, mo\u017cliwo\u015b\u0107 \u017cycia po \u015bmierci, reinkarnacj\u0119 czy obecno\u015b\u0107 cywilizacji pozaziemskich. Naszym g\u0142\u00f3wnym obszarem bada\u0144 s\u0105 zg\u0142oszenia dotycz\u0105ce niewyja\u015bnionych zjawisk, w tym relacje o obserwacjach UFO. Jednym z najwa\u017cniejszych miejsc w Polsce zwi\u0105zanych z tego typu historiami jest Emilcin &#8211; wie\u015b, w kt\u00f3rej w 1978 roku dosz\u0142o do znanej relacji o spotkaniu z niezidentyfikowanym obiektem i jego za\u0142og\u0105. Zdarzenie to do dzi\u015b pozostaje jednym z najbardziej rozpoznawalnych przypadk\u00f3w tego typu w Polsce. Tematyka zwi\u0105zana z UFO by\u0142a obecna w naszej dzia\u0142alno\u015bci od pocz\u0105tku istnienia Fundacji. W pierwszych latach prowadzili\u015bmy m.in. badania kr\u0119g\u00f3w zbo\u017cowych w Wylatowie, a w 2005 roku z naszej inicjatywy powsta\u0142 pomnik upami\u0119tniaj\u0105cy wydarzenie w Emilcinie. Celem Fundacji Nautilus jest przede wszystkim tworzenie i rozwijanie archiwum, w kt\u00f3rym gromadzone s\u0105 relacje \u015bwiadk\u00f3w, materia\u0142y i dokumentacja dotycz\u0105ca wielu niewyja\u015bnionych zjawisk. Opieramy si\u0119 zar\u00f3wno na dost\u0119pnych danych naukowych, jak i na historiach os\u00f3b, kt\u00f3re zetkn\u0119\u0142y si\u0119 z trudnymi do wyja\u015bnienia zdarzeniami. Rozwijamy r\u00f3wnie\u017c archiwum cyfrowe, umo\u017cliwiaj\u0105ce systematyczne gromadzenie i udost\u0119pnianie materia\u0142\u00f3w online. Realizujemy projekty wydawnicze i edukacyjne, a tak\u017ce spotkania z sympatykami i patronami w r\u00f3\u017cnych miastach Polski. &#8211; Jak mo\u017cna wesprze\u0107 Fundacj\u0119? Fundacja Nautilus nie posiada statusu organizacji po\u017cytku publicznego (OPP), dlatego nie ma mo\u017cliwo\u015bci przekazania 1,5% podatku. Osoby chc\u0105ce wesprze\u0107 jej dzia\u0142alno\u015b\u0107 mog\u0105 to zrobi\u0107 poprzez inne formy wsparcia, takie jak udzia\u0142 w wydarzeniach, popularyzacj\u0119 materia\u0142\u00f3w lub wp\u0142aty przez Patronite. &#8211; Czy ka\u017cdy mo\u017ce zg\u0142osi\u0107 w\u0142asne do\u015bwiadczenie zwi\u0105zane ze zjawiskami niewyja\u015bnionymi? Fundacja Nautilus jest otwarta na relacje os\u00f3b, kt\u00f3re do\u015bwiadczy\u0142y nietypowych lub trudnych do wyja\u015bnienia zjawisk. Zg\u0142oszenia s\u0105 traktowane z szacunkiem i analizowane indywidualnie, z zachowaniem poufno\u015bci. &#8211; Co znajdziesz na tej stronie? Na stronie znajdziesz szczeg\u00f3\u0142owy opis wydarzenia w Emilcinie, informacje o dzia\u0142alno\u015bci Fundacji Nautilus, a tak\u017ce artyku\u0142y po\u015bwi\u0119cone zjawiskom niewyja\u015bnionym, relacje \u015bwiadk\u00f3w oraz tre\u015bci dotycz\u0105ce duchowo\u015bci.<\/p>\n","protected":false},"author":1,"featured_media":0,"parent":0,"menu_order":0,"comment_status":"closed","ping_status":"closed","template":"","meta":{"footnotes":""},"class_list":["post-3273","page","type-page","status-publish","hentry"],"_links":{"self":[{"href":"https:\/\/emilcin.com\/index.php\/wp-json\/wp\/v2\/pages\/3273","targetHints":{"allow":["GET"]}}],"collection":[{"href":"https:\/\/emilcin.com\/index.php\/wp-json\/wp\/v2\/pages"}],"about":[{"href":"https:\/\/emilcin.com\/index.php\/wp-json\/wp\/v2\/types\/page"}],"author":[{"embeddable":true,"href":"https:\/\/emilcin.com\/index.php\/wp-json\/wp\/v2\/users\/1"}],"replies":[{"embeddable":true,"href":"https:\/\/emilcin.com\/index.php\/wp-json\/wp\/v2\/comments?post=3273"}],"version-history":[{"count":4,"href":"https:\/\/emilcin.com\/index.php\/wp-json\/wp\/v2\/pages\/3273\/revisions"}],"predecessor-version":[{"id":3278,"href":"https:\/\/emilcin.com\/index.php\/wp-json\/wp\/v2\/pages\/3273\/revisions\/3278"}],"wp:attachment":[{"href":"https:\/\/emilcin.com\/index.php\/wp-json\/wp\/v2\/media?parent=3273"}],"curies":[{"name":"wp","href":"https:\/\/api.w.org\/{rel}","templated":true}]}}